{"id":426,"date":"2024-09-25T19:35:34","date_gmt":"2024-09-25T19:35:34","guid":{"rendered":"https:\/\/tkalniazdrowia.pl\/?post_type=product&#038;p=426"},"modified":"2024-11-24T19:47:36","modified_gmt":"2024-11-24T19:47:36","slug":"wege-2000kcal","status":"publish","type":"product","link":"https:\/\/tkalniazdrowia.pl\/?product=wege-2000kcal","title":{"rendered":"W zgodzie ze sob\u0105 Wege 2000kcal"},"content":{"rendered":"<p>W tym e-booku znajdziesz informacj\u0119 o tym jak je\u015b\u0107 w ka\u017cdej fazie cyklu, co powinno Ci s\u0142u\u017cy\u0107 w tym czasie i co powinno sprawi\u0107, \u017ce Twoje hormony si\u0119 unormuj\u0105 a p\u0142odno\u015b\u0107 znacznie poprawi.<\/p>\n<p>W \u015brodku znajdziesz r\u00f3wnie\u017c trzy jad\u0142ospisy na faz\u0119: menstruacyjn\u0105, folikularn\u0105 i luteln\u0105 &#8211; ka\u017cdy z nich jest 7 dniowy, a wi\u0119c dostajesz jad\u0142ospisy a\u017c na 21 dni \ud83d\ude42<\/p>\n<p>W tej wersji znajduj\u0105 si\u0119 jad\u0142ospisy bez mi\u0119sa \ud83d\ude42<\/p>\n","protected":false},"excerpt":{"rendered":"<p>W tym e-booku znajdziesz informacj\u0119 o tym jak je\u015b\u0107 w ka\u017cdej fazie cyklu, co powinno Ci s\u0142u\u017cy\u0107 w tym czasie i co powinno sprawi\u0107, \u017ce Twoje hormony si\u0119 unormuj\u0105 a p\u0142odno\u015b\u0107 znacznie poprawi. W \u015brodku znajdziesz r\u00f3wnie\u017c trzy jad\u0142ospisy na faz\u0119: menstruacyjn\u0105, folikularn\u0105 i luteln\u0105 &#8211; ka\u017cdy z nich jest 7 dniowy, a wi\u0119c dostajesz [&hellip;]<\/p>\n","protected":false},"featured_media":431,"template":"","meta":{"ocean_post_layout":"","ocean_both_sidebars_style":"","ocean_both_sidebars_content_width":0,"ocean_both_sidebars_sidebars_width":0,"ocean_sidebar":"0","ocean_second_sidebar":"0","ocean_disable_margins":"enable","ocean_add_body_class":"","ocean_shortcode_before_top_bar":"","ocean_shortcode_after_top_bar":"","ocean_shortcode_before_header":"","ocean_shortcode_after_header":"","ocean_has_shortcode":"","ocean_shortcode_after_title":"","ocean_shortcode_before_footer_widgets":"","ocean_shortcode_after_footer_widgets":"","ocean_shortcode_before_footer_bottom":"","ocean_shortcode_after_footer_bottom":"","ocean_display_top_bar":"default","ocean_display_header":"default","ocean_header_style":"","ocean_center_header_left_menu":"0","ocean_custom_header_template":"0","ocean_custom_logo":0,"ocean_custom_retina_logo":0,"ocean_custom_logo_max_width":0,"ocean_custom_logo_tablet_max_width":0,"ocean_custom_logo_mobile_max_width":0,"ocean_custom_logo_max_height":0,"ocean_custom_logo_tablet_max_height":0,"ocean_custom_logo_mobile_max_height":0,"ocean_header_custom_menu":"0","ocean_menu_typo_font_family":"0","ocean_menu_typo_font_subset":"","ocean_menu_typo_font_size":0,"ocean_menu_typo_font_size_tablet":0,"ocean_menu_typo_font_size_mobile":0,"ocean_menu_typo_font_size_unit":"px","ocean_menu_typo_font_weight":"","ocean_menu_typo_font_weight_tablet":"","ocean_menu_typo_font_weight_mobile":"","ocean_menu_typo_transform":"","ocean_menu_typo_transform_tablet":"","ocean_menu_typo_transform_mobile":"","ocean_menu_typo_line_height":0,"ocean_menu_typo_line_height_tablet":0,"ocean_menu_typo_line_height_mobile":0,"ocean_menu_typo_line_height_unit":"","ocean_menu_typo_spacing":0,"ocean_menu_typo_spacing_tablet":0,"ocean_menu_typo_spacing_mobile":0,"ocean_menu_typo_spacing_unit":"","ocean_menu_link_color":"","ocean_menu_link_color_hover":"","ocean_menu_link_color_active":"","ocean_menu_link_background":"","ocean_menu_link_hover_background":"","ocean_menu_link_active_background":"","ocean_menu_social_links_bg":"","ocean_menu_social_hover_links_bg":"","ocean_menu_social_links_color":"","ocean_menu_social_hover_links_color":"","ocean_disable_title":"default","ocean_disable_heading":"default","ocean_post_title":"","ocean_post_subheading":"","ocean_post_title_style":"","ocean_post_title_background_color":"","ocean_post_title_background":0,"ocean_post_title_bg_image_position":"","ocean_post_title_bg_image_attachment":"","ocean_post_title_bg_image_repeat":"","ocean_post_title_bg_image_size":"","ocean_post_title_height":0,"ocean_post_title_bg_overlay":0.5,"ocean_post_title_bg_overlay_color":"","ocean_disable_breadcrumbs":"default","ocean_breadcrumbs_color":"","ocean_breadcrumbs_separator_color":"","ocean_breadcrumbs_links_color":"","ocean_breadcrumbs_links_hover_color":"","ocean_display_footer_widgets":"default","ocean_display_footer_bottom":"default","ocean_custom_footer_template":"0"},"product_brand":[],"product_cat":[15],"product_tag":[],"class_list":{"0":"post-426","1":"product","2":"type-product","3":"status-publish","4":"has-post-thumbnail","6":"product_cat-e-booki","8":"entry","9":"has-media","11":"first","12":"instock","13":"downloadable","14":"virtual","15":"purchasable","16":"product-type-simple","17":"col","18":"span_1_of_3","19":"owp-content-center","20":"owp-thumbs-layout-horizontal","21":"owp-btn-normal","22":"owp-tabs-layout-horizontal","23":"has-no-thumbnails"},"_links":{"self":[{"href":"https:\/\/tkalniazdrowia.pl\/index.php?rest_route=\/wp\/v2\/product\/426","targetHints":{"allow":["GET"]}}],"collection":[{"href":"https:\/\/tkalniazdrowia.pl\/index.php?rest_route=\/wp\/v2\/product"}],"about":[{"href":"https:\/\/tkalniazdrowia.pl\/index.php?rest_route=\/wp\/v2\/types\/product"}],"wp:featuredmedia":[{"embeddable":true,"href":"https:\/\/tkalniazdrowia.pl\/index.php?rest_route=\/wp\/v2\/media\/431"}],"wp:attachment":[{"href":"https:\/\/tkalniazdrowia.pl\/index.php?rest_route=%2Fwp%2Fv2%2Fmedia&parent=426"}],"wp:term":[{"taxonomy":"product_brand","embeddable":true,"href":"https:\/\/tkalniazdrowia.pl\/index.php?rest_route=%2Fwp%2Fv2%2Fproduct_brand&post=426"},{"taxonomy":"product_cat","embeddable":true,"href":"https:\/\/tkalniazdrowia.pl\/index.php?rest_route=%2Fwp%2Fv2%2Fproduct_cat&post=426"},{"taxonomy":"product_tag","embeddable":true,"href":"https:\/\/tkalniazdrowia.pl\/index.php?rest_route=%2Fwp%2Fv2%2Fproduct_tag&post=426"}],"curies":[{"name":"wp","href":"https:\/\/api.w.org\/{rel}","templated":true}]}}