{"id":486,"date":"2026-04-23T13:12:28","date_gmt":"2026-04-23T13:12:28","guid":{"rendered":"https:\/\/tkalniazdrowia.pl\/?page_id=486"},"modified":"2026-04-23T13:16:29","modified_gmt":"2026-04-23T13:16:29","slug":"elementor-486","status":"publish","type":"page","link":"https:\/\/tkalniazdrowia.pl\/?page_id=486","title":{"rendered":"&#8222;Niejadki&#8221;"},"content":{"rendered":"\t\t<div data-elementor-type=\"wp-page\" data-elementor-id=\"486\" class=\"elementor elementor-486\" data-elementor-post-type=\"page\">\n\t\t\t\t\t\t<section class=\"elementor-section elementor-top-section elementor-element elementor-element-acbd785 elementor-section-boxed elementor-section-height-default elementor-section-height-default\" data-id=\"acbd785\" data-element_type=\"section\" data-e-type=\"section\">\n\t\t\t\t\t\t<div class=\"elementor-container elementor-column-gap-default\">\n\t\t\t\t\t<div class=\"elementor-column elementor-col-100 elementor-top-column elementor-element elementor-element-65780a5\" data-id=\"65780a5\" data-element_type=\"column\" data-e-type=\"column\">\n\t\t\t<div class=\"elementor-widget-wrap elementor-element-populated\">\n\t\t\t\t\t\t<div class=\"elementor-element elementor-element-dadea54 elementor-widget elementor-widget-heading\" data-id=\"dadea54\" data-element_type=\"widget\" data-e-type=\"widget\" data-widget_type=\"heading.default\">\n\t\t\t\t<div class=\"elementor-widget-container\">\n\t\t\t\t\t<h1 class=\"elementor-heading-title elementor-size-default\">Niejadki - wybi\u00f3rczo\u015b\u0107 pokarmowa i neofobia<\/h1>\t\t\t\t<\/div>\n\t\t\t\t<\/div>\n\t\t\t\t<div class=\"elementor-element elementor-element-8ce5727 elementor-widget elementor-widget-image\" data-id=\"8ce5727\" data-element_type=\"widget\" data-e-type=\"widget\" data-widget_type=\"image.default\">\n\t\t\t\t<div class=\"elementor-widget-container\">\n\t\t\t\t\t\t\t\t\t\t\t\t\t\t\t<img fetchpriority=\"high\" decoding=\"async\" width=\"768\" height=\"284\" src=\"https:\/\/tkalniazdrowia.pl\/wp-content\/uploads\/2026\/04\/Projekt-bez-nazwy-768x284.png\" class=\"attachment-medium_large size-medium_large wp-image-489\" alt=\"\" srcset=\"https:\/\/tkalniazdrowia.pl\/wp-content\/uploads\/2026\/04\/Projekt-bez-nazwy-768x284.png 768w, https:\/\/tkalniazdrowia.pl\/wp-content\/uploads\/2026\/04\/Projekt-bez-nazwy-300x111.png 300w, https:\/\/tkalniazdrowia.pl\/wp-content\/uploads\/2026\/04\/Projekt-bez-nazwy-600x222.png 600w, https:\/\/tkalniazdrowia.pl\/wp-content\/uploads\/2026\/04\/Projekt-bez-nazwy.png 851w\" sizes=\"(max-width: 768px) 100vw, 768px\" \/>\t\t\t\t\t\t\t\t\t\t\t\t\t\t\t<\/div>\n\t\t\t\t<\/div>\n\t\t\t\t\t<\/div>\n\t\t<\/div>\n\t\t\t\t\t<\/div>\n\t\t<\/section>\n\t\t\t\t<section class=\"elementor-section elementor-top-section elementor-element elementor-element-7cd5a80 elementor-section-boxed elementor-section-height-default elementor-section-height-default\" data-id=\"7cd5a80\" data-element_type=\"section\" data-e-type=\"section\">\n\t\t\t\t\t\t<div class=\"elementor-container elementor-column-gap-default\">\n\t\t\t\t\t<div class=\"elementor-column elementor-col-100 elementor-top-column elementor-element elementor-element-a4abd62\" data-id=\"a4abd62\" data-element_type=\"column\" data-e-type=\"column\">\n\t\t\t<div class=\"elementor-widget-wrap elementor-element-populated\">\n\t\t\t\t\t\t<div class=\"elementor-element elementor-element-314e26a elementor-widget elementor-widget-text-editor\" data-id=\"314e26a\" data-element_type=\"widget\" data-e-type=\"widget\" data-widget_type=\"text-editor.default\">\n\t\t\t\t<div class=\"elementor-widget-container\">\n\t\t\t\t\t\t\t\t\t<div><h2>\ud83d\udc9b Jak wygl\u0105da wsp\u00f3\u0142praca?<\/h2><p>Je\u015bli jeste\u015b w miejscu, w kt\u00f3rym ka\u017cde karmienie to stres, a w g\u0142owie wci\u0105\u017c pojawia si\u0119 my\u015bl:<br \/><em>\u201emoje dziecko nic nie je\u2026\u201d<\/em><br \/>to bardzo mo\u017cliwe, \u017ce jeste\u015b ju\u017c zm\u0119czona szukaniem odpowiedzi i pr\u00f3bami, kt\u00f3re nie przynios\u0142y efektu.<\/p><p>I to jest moment, w kt\u00f3rym naprawd\u0119 warto zrobi\u0107 co\u015b inaczej.<\/p><hr \/><h3>\ud83c\udf3f \u00a0Zaczynamy od Ciebie<\/h3><p>Wsp\u00f3\u0142prac\u0119 zaczynam zawsze od pracy z rodzicem.<br \/>Nie dlatego, \u017ce \u201eco\u015b robisz \u017ale\u201d, tylko dlatego, \u017ce to w\u0142a\u015bnie zmiana po stronie doros\u0142ego najcz\u0119\u015bciej przynosi dziecku najwi\u0119ksz\u0105 ulg\u0119.<\/p><p>Bo w wybi\u00f3rczo\u015bci i trudno\u015bciach z jedzeniem bardzo cz\u0119sto problemem nie jest jedzenie samo w sobie tylko napi\u0119cie, presja i strach, kt\u00f3re naros\u0142y wok\u00f3\u0142 sto\u0142u.<\/p><hr \/><h3>\ud83e\udde9\u00a0Najpierw zrozumienie, potem dzia\u0142anie<\/h3><p>Po um\u00f3wieniu spotkania otrzymujesz ode mnie materia\u0142y do wype\u0142nienia, dzi\u0119ki temu nie zaczynamy od zgadywania.<\/p><p>Na pierwszym spotkaniu:<\/p><ul><li>porz\u0105dkujemy Wasz\u0105 histori\u0119,<\/li><li>przygl\u0105damy si\u0119 temu, co naprawd\u0119 si\u0119 dzieje przy stole,<\/li><li>oddzielamy fakty od l\u0119ku.<\/li><\/ul><p>To moment, w kt\u00f3rym wiele rodzic\u00f3w po raz pierwszy od dawna czuje:<br \/><strong>\u201eok, to ma sens\u201d i \u201ewiem, co dalej robi\u0107\u201d<\/strong>.<\/p><hr \/><h3>\ud83c\udfa5 Patrzymy na to, co naprawd\u0119 si\u0119 dzieje<\/h3><p>Przed kolejnym spotkaniem prosz\u0119 o kr\u00f3tkie nagrania z posi\u0142k\u00f3w.<br \/>Nie po to, \u017ceby ocenia\u0107 tylko \u017ceby zobaczy\u0107 rzeczy, kt\u00f3rych cz\u0119sto nie da si\u0119 uchwyci\u0107 w rozmowie.<\/p><p>Dzi\u0119ki temu mog\u0119 bardzo konkretnie pokaza\u0107:<\/p><ul><li>co wspiera dziecko,<\/li><li>co (zupe\u0142nie nie\u015bwiadomie) zwi\u0119ksza napi\u0119cie,<\/li><li>i gdzie warto co\u015b zmieni\u0107.<\/li><\/ul><p>Otrzymujesz zalecenia, kt\u00f3re s\u0105<span class=\"gmail-Apple-converted-space\">\u00a0<\/span><strong>realne do wprowadzenia w Waszym \u017cyciu<\/strong>, a nie idealne \u201ena papierze\u201d.<\/p><hr \/><h3>\ud83c\udf31\u00a0Ma\u0142e zmiany, du\u017ca r\u00f3\u017cnica<\/h3><p>Dostajesz czas na wdro\u017cenie zmian bez presji, bez po\u015bpiechu.<br \/>Na kolejnych spotkaniach:<\/p><ul><li>przygl\u0105damy si\u0119 temu, co si\u0119 zmienia,<\/li><li>wzmacniamy to, co dzia\u0142a,<\/li><li>spokojnie dok\u0142adamy kolejne kroki.<\/li><\/ul><p>Bez zmuszania dziecka. Bez walki przy stole.<\/p><hr \/><h3>\ud83e\udd0dA je\u015bli to nie wystarczy?<\/h3><p>Je\u015bli mimo pracy z Tob\u0105 trudno\u015bci nadal s\u0105 bardzo nasilone, wtedy w\u0142\u0105czam indywidualn\u0105 prac\u0119 z dzieckiem, ale dopiero wtedy, gdy naprawd\u0119 jest taka potrzeba.<\/p><hr \/><h2>\ud83d\udcab Inwestycja<\/h2><p>Pierwsze dwa spotkania (ca\u0142y proces pocz\u0105tkowy):<span class=\"gmail-Apple-converted-space\">\u00a0<\/span><strong>450 z\u0142<\/strong><br \/>Ka\u017cde kolejne spotkanie:<span class=\"gmail-Apple-converted-space\">\u00a0<\/span><strong>180 z\u0142<\/strong><\/p><p>Pracuj\u0119 stacjonarnie oraz online.<\/p><\/div>\t\t\t\t\t\t\t\t<\/div>\n\t\t\t\t<\/div>\n\t\t\t\t\t<\/div>\n\t\t<\/div>\n\t\t\t\t\t<\/div>\n\t\t<\/section>\n\t\t\t\t<section class=\"elementor-section elementor-top-section elementor-element elementor-element-d6a7131 elementor-section-boxed elementor-section-height-default elementor-section-height-default\" data-id=\"d6a7131\" data-element_type=\"section\" data-e-type=\"section\">\n\t\t\t\t\t\t<div class=\"elementor-container elementor-column-gap-default\">\n\t\t\t\t\t<div class=\"elementor-column elementor-col-100 elementor-top-column elementor-element elementor-element-78d76ae\" data-id=\"78d76ae\" data-element_type=\"column\" data-e-type=\"column\">\n\t\t\t<div class=\"elementor-widget-wrap\">\n\t\t\t\t\t\t\t<\/div>\n\t\t<\/div>\n\t\t\t\t\t<\/div>\n\t\t<\/section>\n\t\t\t\t<\/div>\n\t\t","protected":false},"excerpt":{"rendered":"<p>Niejadki &#8211; wybi\u00f3rczo\u015b\u0107 pokarmowa i neofobia \ud83d\udc9b Jak wygl\u0105da wsp\u00f3\u0142praca? Je\u015bli jeste\u015b w miejscu, w kt\u00f3rym ka\u017cde karmienie to stres, a w g\u0142owie wci\u0105\u017c pojawia si\u0119 my\u015bl: \u201emoje dziecko nic nie je\u2026\u201d to bardzo mo\u017cliwe, \u017ce jeste\u015b ju\u017c zm\u0119czona szukaniem odpowiedzi i pr\u00f3bami, kt\u00f3re nie przynios\u0142y efektu. I to jest moment, w kt\u00f3rym naprawd\u0119 warto [&hellip;]<\/p>\n","protected":false},"author":1,"featured_media":0,"parent":0,"menu_order":0,"comment_status":"closed","ping_status":"closed","template":"","meta":{"ocean_post_layout":"","ocean_both_sidebars_style":"","ocean_both_sidebars_content_width":0,"ocean_both_sidebars_sidebars_width":0,"ocean_sidebar":"0","ocean_second_sidebar":"0","ocean_disable_margins":"enable","ocean_add_body_class":"","ocean_shortcode_before_top_bar":"","ocean_shortcode_after_top_bar":"","ocean_shortcode_before_header":"","ocean_shortcode_after_header":"","ocean_has_shortcode":"","ocean_shortcode_after_title":"","ocean_shortcode_before_footer_widgets":"","ocean_shortcode_after_footer_widgets":"","ocean_shortcode_before_footer_bottom":"","ocean_shortcode_after_footer_bottom":"","ocean_display_top_bar":"default","ocean_display_header":"default","ocean_header_style":"","ocean_center_header_left_menu":"0","ocean_custom_header_template":"0","ocean_custom_logo":0,"ocean_custom_retina_logo":0,"ocean_custom_logo_max_width":0,"ocean_custom_logo_tablet_max_width":0,"ocean_custom_logo_mobile_max_width":0,"ocean_custom_logo_max_height":0,"ocean_custom_logo_tablet_max_height":0,"ocean_custom_logo_mobile_max_height":0,"ocean_header_custom_menu":"0","ocean_menu_typo_font_family":"0","ocean_menu_typo_font_subset":"","ocean_menu_typo_font_size":0,"ocean_menu_typo_font_size_tablet":0,"ocean_menu_typo_font_size_mobile":0,"ocean_menu_typo_font_size_unit":"px","ocean_menu_typo_font_weight":"","ocean_menu_typo_font_weight_tablet":"","ocean_menu_typo_font_weight_mobile":"","ocean_menu_typo_transform":"","ocean_menu_typo_transform_tablet":"","ocean_menu_typo_transform_mobile":"","ocean_menu_typo_line_height":0,"ocean_menu_typo_line_height_tablet":0,"ocean_menu_typo_line_height_mobile":0,"ocean_menu_typo_line_height_unit":"","ocean_menu_typo_spacing":0,"ocean_menu_typo_spacing_tablet":0,"ocean_menu_typo_spacing_mobile":0,"ocean_menu_typo_spacing_unit":"","ocean_menu_link_color":"","ocean_menu_link_color_hover":"","ocean_menu_link_color_active":"","ocean_menu_link_background":"","ocean_menu_link_hover_background":"","ocean_menu_link_active_background":"","ocean_menu_social_links_bg":"","ocean_menu_social_hover_links_bg":"","ocean_menu_social_links_color":"","ocean_menu_social_hover_links_color":"","ocean_disable_title":"default","ocean_disable_heading":"default","ocean_post_title":"","ocean_post_subheading":"","ocean_post_title_style":"","ocean_post_title_background_color":"","ocean_post_title_background":0,"ocean_post_title_bg_image_position":"","ocean_post_title_bg_image_attachment":"","ocean_post_title_bg_image_repeat":"","ocean_post_title_bg_image_size":"","ocean_post_title_height":0,"ocean_post_title_bg_overlay":0.5,"ocean_post_title_bg_overlay_color":"","ocean_disable_breadcrumbs":"default","ocean_breadcrumbs_color":"","ocean_breadcrumbs_separator_color":"","ocean_breadcrumbs_links_color":"","ocean_breadcrumbs_links_hover_color":"","ocean_display_footer_widgets":"default","ocean_display_footer_bottom":"default","ocean_custom_footer_template":"0","footnotes":""},"class_list":["post-486","page","type-page","status-publish","hentry","entry","owp-thumbs-layout-horizontal","owp-btn-normal","owp-tabs-layout-horizontal","has-no-thumbnails"],"_links":{"self":[{"href":"https:\/\/tkalniazdrowia.pl\/index.php?rest_route=\/wp\/v2\/pages\/486","targetHints":{"allow":["GET"]}}],"collection":[{"href":"https:\/\/tkalniazdrowia.pl\/index.php?rest_route=\/wp\/v2\/pages"}],"about":[{"href":"https:\/\/tkalniazdrowia.pl\/index.php?rest_route=\/wp\/v2\/types\/page"}],"author":[{"embeddable":true,"href":"https:\/\/tkalniazdrowia.pl\/index.php?rest_route=\/wp\/v2\/users\/1"}],"replies":[{"embeddable":true,"href":"https:\/\/tkalniazdrowia.pl\/index.php?rest_route=%2Fwp%2Fv2%2Fcomments&post=486"}],"version-history":[{"count":6,"href":"https:\/\/tkalniazdrowia.pl\/index.php?rest_route=\/wp\/v2\/pages\/486\/revisions"}],"predecessor-version":[{"id":495,"href":"https:\/\/tkalniazdrowia.pl\/index.php?rest_route=\/wp\/v2\/pages\/486\/revisions\/495"}],"wp:attachment":[{"href":"https:\/\/tkalniazdrowia.pl\/index.php?rest_route=%2Fwp%2Fv2%2Fmedia&parent=486"}],"curies":[{"name":"wp","href":"https:\/\/api.w.org\/{rel}","templated":true}]}}