{"id":356,"date":"2024-02-06T20:26:41","date_gmt":"2024-02-06T20:26:41","guid":{"rendered":"https:\/\/tkalniazdrowia.pl\/?page_id=356"},"modified":"2024-02-07T11:54:49","modified_gmt":"2024-02-07T11:54:49","slug":"regulamin-sklepu-internetowego","status":"publish","type":"page","link":"https:\/\/tkalniazdrowia.pl\/?page_id=356","title":{"rendered":"Regulamin sklepu internetowego"},"content":{"rendered":"<div class=\"flex-1 overflow-hidden\">\n<div class=\"react-scroll-to-bottom--css-httmw-79elbk h-full\">\n<div class=\"react-scroll-to-bottom--css-httmw-1n7m0yu\">\n<div class=\"flex flex-col pb-9 text-sm\">\n<div class=\"w-full text-token-text-primary\" data-testid=\"conversation-turn-7\">\n<div class=\"px-4 py-2 justify-center text-base md:gap-6 m-auto\">\n<div class=\"flex flex-1 text-base mx-auto gap-3 md:px-5 lg:px-1 xl:px-5 md:max-w-3xl lg:max-w-[40rem] xl:max-w-[48rem] group final-completion\">\n<div class=\"relative flex w-full flex-col lg:w-[calc(100%-115px)] agent-turn\">\n<div class=\"flex-col gap-1 md:gap-3\">\n<div class=\"flex flex-grow flex-col max-w-full\">\n<div class=\"min-h-[20px] text-message flex flex-col items-start gap-3 whitespace-pre-wrap break-words [.text-message+&amp;]:mt-5 overflow-x-auto\" data-message-author-role=\"assistant\" data-message-id=\"2ed65a1e-5fc8-4bef-893b-df8f32aa75c4\">\n<div class=\"markdown prose w-full break-words dark:prose-invert light\">\n<p>\u00a7 1. Postanowienia og\u00f3lne<\/p>\n<ol>\n<li>Sklep internetowy &#8222;Tkalnia Zdrowia&#8221;, zwany dalej &#8222;Sklepem&#8221;, prowadzony jest przez Tkalnia Zdrowia &#8211; Oliwi\u0105 Tkaczyk, z siedzib\u0105 w \u0141odzi, ul.Gda\u0144ska 47\/49 90-729 \u00a0NIP: 7272868302, REGON: 525083614<\/li>\n<li>Korzystanie ze Sklepu oznacza akceptacj\u0119 niniejszego regulaminu.<\/li>\n<li>Wszystkie produkty i us\u0142ugi dost\u0119pne w Sklepie, takie jak kursy online, ebooki oraz jad\u0142ospisy, s\u0105 obj\u0119te niniejszym regulaminem.<\/li>\n<\/ol>\n<p>\u00a7 2. Proces zakupu<\/p>\n<ol>\n<li>Proces zakupu odbywa si\u0119 poprzez dodanie produkt\u00f3w do koszyka, a nast\u0119pnie przej\u015bcie do kasy.<\/li>\n<li>Podczas procesu zakupowego Klient ma mo\u017cliwo\u015b\u0107 wyboru sposobu p\u0142atno\u015bci. Jako operatora p\u0142atno\u015bci wykorzystujemy Przelewy24.<\/li>\n<li>Po z\u0142o\u017ceniu zam\u00f3wienia Klient otrzymuje potwierdzenie na podany przez niego adres e-mail.<\/li>\n<\/ol>\n<p>\u00a7 3. Dostawa produktu<\/p>\n<ol>\n<li>Produkty takie jak kursy online, ebooki oraz jad\u0142ospisy s\u0105 dostarczane w formie elektronicznej na podany przez Klienta adres e-mail.<\/li>\n<li>Termin przes\u0142ania produkt\u00f3w elektronicznych to 24 godziny, je\u017celi chodzi o kursy online b\u0119d\u0105 si\u0119 one odbywa\u0142y zgodnie z harmonogramem spotka\u0144.<\/li>\n<\/ol>\n<p>\u00a7 4. Reklamacje<\/p>\n<ol>\n<li>Reklamacje b\u0119d\u0105 rozpatrywane w terminie do 14 dni od daty zg\u0142oszenia.<\/li>\n<li>Reklamacje nale\u017cy przesy\u0142a\u0107 na adres e-mail: tkalniazdrowia@gmail.com, podaj\u0105c opis problemu oraz dane zamawiaj\u0105cego.<\/li>\n<\/ol>\n<p>\u00a7 5. Prawo odst\u0105pienia od umowy<\/p>\n<ol>\n<li>Zgodnie z obowi\u0105zuj\u0105cymi przepisami, Klient ma prawo do odst\u0105pienia od umowy w terminie 14 dni od otrzymania produktu.<\/li>\n<li>Odst\u0105pienie od umowy nie dotyczy produkt\u00f3w w formie elektronicznej, takich jak kursy online, ebooki oraz jad\u0142ospisy.<\/li>\n<\/ol>\n<p>\u00a7 6. Przetwarzanie danych osobowych<\/p>\n<ol>\n<li>Dane osobowe przekazywane przez Klient\u00f3w s\u0105 przetwarzane zgodnie z obowi\u0105zuj\u0105cymi przepisami prawa oraz polityk\u0105 prywatno\u015bci dost\u0119pn\u0105 na stronie Sklepu.<\/li>\n<li>Dane osobowe s\u0105 wykorzystywane jedynie w celu realizacji zam\u00f3wienia oraz komunikacji z Klientem.<\/li>\n<li>Sklep internetowy &#8222;Tkalnia Zdrowia&#8221; zapewnia bezpiecze\u0144stwo przetwarzanych danych oraz ich poufno\u015b\u0107.<\/li>\n<\/ol>\n<p>\u00a7 7. Postanowienia ko\u0144cowe<\/p>\n<ol>\n<li>Niniejszy regulamin wchodzi w \u017cycie z dniem publikacji na stronie internetowej Sklepu.<\/li>\n<li>Sklep zastrzega sobie prawo do zmiany niniejszego regulaminu.<\/li>\n<li>Zmiany w regulaminie b\u0119d\u0105 publikowane na stronie internetowej Sklepu.<\/li>\n<li>W sprawach nieuregulowanych niniejszym regulaminem maj\u0105 zastosowanie przepisy obowi\u0105zuj\u0105cego prawa polskiego.<\/li>\n<\/ol>\n<\/div>\n<\/div>\n<\/div>\n<div class=\"mt-1 flex justify-start gap-3 empty:hidden\">\n<div class=\"text-gray-400 flex self-end lg:self-center justify-center lg:justify-start mt-0 -ml-1 visible\">\n<p>&nbsp;<\/p>\n<div class=\"flex items-center gap-1.5 text-xs\"><\/div>\n<div class=\"flex\"><\/div>\n<\/div>\n<\/div>\n<\/div>\n<div class=\"absolute\">\n<div class=\"flex w-full gap-2 items-center justify-center\"><\/div>\n<\/div>\n<\/div>\n<\/div>\n<\/div>\n<\/div>\n<\/div>\n<\/div>\n<\/div>\n<\/div>\n<div class=\"w-full pt-2 md:pt-0 dark:border-white\/20 md:border-transparent md:dark:border-transparent md:w-[calc(100%-.5rem)]\">\n<form class=\"stretch mx-2 flex flex-row gap-3 last:mb-2 md:mx-4 md:last:mb-6 lg:mx-auto lg:max-w-2xl xl:max-w-3xl\">\n<div class=\"relative flex h-full flex-1 items-stretch md:flex-col\">\n<div class=\"flex w-full items-center\"><\/div>\n<\/div>\n<\/form>\n<\/div>\n","protected":false},"excerpt":{"rendered":"<p>\u00a7 1. Postanowienia og\u00f3lne Sklep internetowy &#8222;Tkalnia Zdrowia&#8221;, zwany dalej &#8222;Sklepem&#8221;, prowadzony jest przez Tkalnia Zdrowia &#8211; Oliwi\u0105 Tkaczyk, z siedzib\u0105 w \u0141odzi, ul.Gda\u0144ska 47\/49 90-729 \u00a0NIP: 7272868302, REGON: 525083614 Korzystanie ze Sklepu oznacza akceptacj\u0119 niniejszego regulaminu. Wszystkie produkty i us\u0142ugi dost\u0119pne w Sklepie, takie jak kursy online, ebooki oraz jad\u0142ospisy, s\u0105 obj\u0119te niniejszym regulaminem. [&hellip;]<\/p>\n","protected":false},"author":1,"featured_media":0,"parent":0,"menu_order":0,"comment_status":"closed","ping_status":"closed","template":"","meta":{"ocean_post_layout":"","ocean_both_sidebars_style":"","ocean_both_sidebars_content_width":0,"ocean_both_sidebars_sidebars_width":0,"ocean_sidebar":"0","ocean_second_sidebar":"0","ocean_disable_margins":"enable","ocean_add_body_class":"","ocean_shortcode_before_top_bar":"","ocean_shortcode_after_top_bar":"","ocean_shortcode_before_header":"","ocean_shortcode_after_header":"","ocean_has_shortcode":"","ocean_shortcode_after_title":"","ocean_shortcode_before_footer_widgets":"","ocean_shortcode_after_footer_widgets":"","ocean_shortcode_before_footer_bottom":"","ocean_shortcode_after_footer_bottom":"","ocean_display_top_bar":"default","ocean_display_header":"default","ocean_header_style":"","ocean_center_header_left_menu":"0","ocean_custom_header_template":"0","ocean_custom_logo":0,"ocean_custom_retina_logo":0,"ocean_custom_logo_max_width":0,"ocean_custom_logo_tablet_max_width":0,"ocean_custom_logo_mobile_max_width":0,"ocean_custom_logo_max_height":0,"ocean_custom_logo_tablet_max_height":0,"ocean_custom_logo_mobile_max_height":0,"ocean_header_custom_menu":"0","ocean_menu_typo_font_family":"0","ocean_menu_typo_font_subset":"","ocean_menu_typo_font_size":0,"ocean_menu_typo_font_size_tablet":0,"ocean_menu_typo_font_size_mobile":0,"ocean_menu_typo_font_size_unit":"px","ocean_menu_typo_font_weight":"","ocean_menu_typo_font_weight_tablet":"","ocean_menu_typo_font_weight_mobile":"","ocean_menu_typo_transform":"","ocean_menu_typo_transform_tablet":"","ocean_menu_typo_transform_mobile":"","ocean_menu_typo_line_height":0,"ocean_menu_typo_line_height_tablet":0,"ocean_menu_typo_line_height_mobile":0,"ocean_menu_typo_line_height_unit":"","ocean_menu_typo_spacing":0,"ocean_menu_typo_spacing_tablet":0,"ocean_menu_typo_spacing_mobile":0,"ocean_menu_typo_spacing_unit":"","ocean_menu_link_color":"","ocean_menu_link_color_hover":"","ocean_menu_link_color_active":"","ocean_menu_link_background":"","ocean_menu_link_hover_background":"","ocean_menu_link_active_background":"","ocean_menu_social_links_bg":"","ocean_menu_social_hover_links_bg":"","ocean_menu_social_links_color":"","ocean_menu_social_hover_links_color":"","ocean_disable_title":"default","ocean_disable_heading":"default","ocean_post_title":"","ocean_post_subheading":"","ocean_post_title_style":"","ocean_post_title_background_color":"","ocean_post_title_background":0,"ocean_post_title_bg_image_position":"","ocean_post_title_bg_image_attachment":"","ocean_post_title_bg_image_repeat":"","ocean_post_title_bg_image_size":"","ocean_post_title_height":0,"ocean_post_title_bg_overlay":0.5,"ocean_post_title_bg_overlay_color":"","ocean_disable_breadcrumbs":"default","ocean_breadcrumbs_color":"","ocean_breadcrumbs_separator_color":"","ocean_breadcrumbs_links_color":"","ocean_breadcrumbs_links_hover_color":"","ocean_display_footer_widgets":"default","ocean_display_footer_bottom":"default","ocean_custom_footer_template":"0","footnotes":""},"class_list":["post-356","page","type-page","status-publish","hentry","entry","owp-thumbs-layout-horizontal","owp-btn-normal","owp-tabs-layout-horizontal","has-no-thumbnails"],"_links":{"self":[{"href":"https:\/\/tkalniazdrowia.pl\/index.php?rest_route=\/wp\/v2\/pages\/356","targetHints":{"allow":["GET"]}}],"collection":[{"href":"https:\/\/tkalniazdrowia.pl\/index.php?rest_route=\/wp\/v2\/pages"}],"about":[{"href":"https:\/\/tkalniazdrowia.pl\/index.php?rest_route=\/wp\/v2\/types\/page"}],"author":[{"embeddable":true,"href":"https:\/\/tkalniazdrowia.pl\/index.php?rest_route=\/wp\/v2\/users\/1"}],"replies":[{"embeddable":true,"href":"https:\/\/tkalniazdrowia.pl\/index.php?rest_route=%2Fwp%2Fv2%2Fcomments&post=356"}],"version-history":[{"count":3,"href":"https:\/\/tkalniazdrowia.pl\/index.php?rest_route=\/wp\/v2\/pages\/356\/revisions"}],"predecessor-version":[{"id":367,"href":"https:\/\/tkalniazdrowia.pl\/index.php?rest_route=\/wp\/v2\/pages\/356\/revisions\/367"}],"wp:attachment":[{"href":"https:\/\/tkalniazdrowia.pl\/index.php?rest_route=%2Fwp%2Fv2%2Fmedia&parent=356"}],"curies":[{"name":"wp","href":"https:\/\/api.w.org\/{rel}","templated":true}]}}